{"id":3493,"date":"2026-01-27T11:54:49","date_gmt":"2026-01-27T09:54:49","guid":{"rendered":"https:\/\/konkretiarahoitus.fi\/?page_id=3493"},"modified":"2026-01-27T12:02:42","modified_gmt":"2026-01-27T10:02:42","slug":"yhteistyokumppaneille","status":"publish","type":"page","link":"https:\/\/konkretiarahoitus.fi\/en\/yhteistyokumppaneille","title":{"rendered":"Yhteisty\u00f6kumppaneille"},"content":{"rendered":"<div data-elementor-type=\"wp-page\" data-elementor-id=\"3493\" class=\"elementor elementor-3493\" data-elementor-post-type=\"page\">\n\t\t\t\t<div class=\"elementor-element elementor-element-5a49749a e-flex e-con-boxed e-con e-parent\" data-id=\"5a49749a\" data-element_type=\"container\" data-e-type=\"container\" data-settings=\"{&quot;background_background&quot;:&quot;video&quot;}\">\n\t\t\t\t\t<div class=\"e-con-inner\">\n\t\t<div class=\"elementor-element elementor-element-3e3e00eb e-con-full e-flex e-con e-child\" data-id=\"3e3e00eb\" data-element_type=\"container\" data-e-type=\"container\">\n\t\t\t\t<div class=\"elementor-element elementor-element-73681097 elementor-widget elementor-widget-heading\" data-id=\"73681097\" data-element_type=\"widget\" data-e-type=\"widget\" data-widget_type=\"heading.default\">\n\t\t\t\t<div class=\"elementor-widget-container\">\n\t\t\t\t\t<h1 class=\"elementor-heading-title elementor-size-default\">Yhteisty\u00f6kumppaneille<\/h1>\t\t\t\t<\/div>\n\t\t\t\t<\/div>\n\t\t\t\t<div class=\"elementor-element elementor-element-765a9d56 elementor-widget__width-initial elementor-widget elementor-widget-text-editor\" data-id=\"765a9d56\" data-element_type=\"widget\" data-e-type=\"widget\" data-widget_type=\"text-editor.default\">\n\t\t\t\t<div class=\"elementor-widget-container\">\n\t\t\t\t\t\t\t\t\t<p>Etsitk\u00f6 tapoja kasvattaa rahoitusliiketoimintaa tehokkaammin ja hallitummin?<\/p>\t\t\t\t\t\t\t\t<\/div>\n\t\t\t\t<\/div>\n\t\t\t\t<div class=\"elementor-element elementor-element-18cdd013 elementor-icon-list--layout-inline elementor-align-center elementor-list-item-link-full_width elementor-widget elementor-widget-icon-list\" data-id=\"18cdd013\" data-element_type=\"widget\" data-e-type=\"widget\" data-widget_type=\"icon-list.default\">\n\t\t\t\t<div class=\"elementor-widget-container\">\n\t\t\t\t\t\t\t<ul class=\"elementor-icon-list-items elementor-inline-items\">\n\t\t\t\t\t\t\t<li class=\"elementor-icon-list-item elementor-inline-item\">\n\t\t\t\t\t\t\t\t\t\t\t<a href=\"https:\/\/konkretiarahoitus.fi\/en\/\">\n\n\t\t\t\t\t\t\t\t\t\t\t<span class=\"elementor-icon-list-text\">Home page<\/span>\n\t\t\t\t\t\t\t\t\t\t\t<\/a>\n\t\t\t\t\t\t\t\t\t<\/li>\n\t\t\t\t\t\t\t\t<li class=\"elementor-icon-list-item elementor-inline-item\">\n\t\t\t\t\t\t\t\t\t\t\t<span class=\"elementor-icon-list-icon\">\n\t\t\t\t\t\t\t<i aria-hidden=\"true\" class=\"jki jki-slash-solid\"><\/i>\t\t\t\t\t\t<\/span>\n\t\t\t\t\t\t\t\t\t\t<span class=\"elementor-icon-list-text\">Yhteisty\u00f6kumppaneille<\/span>\n\t\t\t\t\t\t\t\t\t<\/li>\n\t\t\t\t\t\t<\/ul>\n\t\t\t\t\t\t<\/div>\n\t\t\t\t<\/div>\n\t\t\t\t<\/div>\n\t\t\t\t\t<\/div>\n\t\t\t\t<\/div>\n\t\t<div class=\"elementor-element elementor-element-e8d0391 e-flex e-con-boxed e-con e-parent\" data-id=\"e8d0391\" data-element_type=\"container\" data-e-type=\"container\">\n\t\t\t\t\t<div class=\"e-con-inner\">\n\t\t<div class=\"elementor-element elementor-element-e34e453 e-con-full e-flex e-con e-child\" data-id=\"e34e453\" data-element_type=\"container\" data-e-type=\"container\">\n\t\t\t\t<div class=\"elementor-element elementor-element-d45d671 elementor-widget elementor-widget-text-editor\" data-id=\"d45d671\" data-element_type=\"widget\" data-e-type=\"widget\" data-widget_type=\"text-editor.default\">\n\t\t\t\t<div class=\"elementor-widget-container\">\n\t\t\t\t\t\t\t\t\t<p data-start=\"78\" data-end=\"398\">\u00a0<\/p><p data-start=\"78\" data-end=\"398\">\u00a0<\/p><p data-start=\"78\" data-end=\"398\">\u00a0<\/p><p data-start=\"78\" data-end=\"398\">Konkretia Rahoitus tekee yhteisty\u00f6t\u00e4 rahoitusyhti\u00f6iden kanssa, jotka haluavat lis\u00e4\u00e4 laadukkaita rahoituskohteita ja sujuvamman uusasiakashankinnan. Toimimme linkkin\u00e4 yritt\u00e4jien ja rahoittajien v\u00e4lill\u00e4 ja huolehdimme siit\u00e4, ett\u00e4 rahoitustarpeet ovat selkeit\u00e4, realistisia ja hyvin valmisteltuja jo ennen rahoitusp\u00e4\u00e4t\u00f6st\u00e4.<\/p><p data-start=\"400\" data-end=\"425\">Autamme rahoitusyhti\u00f6it\u00e4:<\/p><ul data-start=\"426\" data-end=\"604\"><li data-start=\"426\" data-end=\"463\"><p data-start=\"428\" data-end=\"463\">tavoittamaan uusia rahoituskohteita<\/p><\/li><li data-start=\"464\" data-end=\"502\"><p data-start=\"466\" data-end=\"502\">tehostamaan myynti\u00e4 ja asiakasvirtaa<\/p><\/li><li data-start=\"503\" data-end=\"544\"><p data-start=\"505\" data-end=\"544\">v\u00e4hent\u00e4m\u00e4\u00e4n omaa hallinnollista kuormaa<\/p><\/li><li data-start=\"545\" data-end=\"604\"><p data-start=\"547\" data-end=\"604\">toimimaan kustannustehokkaalla ja skaalautuvalla mallilla<\/p><\/li><\/ul><p data-start=\"606\" data-end=\"750\">Yhteisty\u00f6mme perustuu l\u00e4pin\u00e4kyvyyteen, laatuun ja pitk\u00e4j\u00e4nteisyyteen.\u00a0<\/p><p data-start=\"752\" data-end=\"958\" data-is-last-node=\"\" data-is-only-node=\"\">Konkretia Rahoitus toimii rahoituskonsultointikumppanina ja auttaa yhdist\u00e4m\u00e4\u00e4n oikeat yritykset ja rahoitusratkaisut oikeaan aikaan. Ota yhteytt\u00e4, niin kerromme mielell\u00e4mme lis\u00e4\u00e4 yhteisty\u00f6mahdollisuuksista.<\/p>\t\t\t\t\t\t\t\t<\/div>\n\t\t\t\t<\/div>\n\t\t\t\t<\/div>\n\t\t<div class=\"elementor-element elementor-element-a5b423a e-con-full e-flex e-con e-child\" data-id=\"a5b423a\" data-element_type=\"container\" data-e-type=\"container\">\n\t\t\t\t<div class=\"elementor-element elementor-element-65a0ccc elementor-widget elementor-widget-image\" data-id=\"65a0ccc\" data-element_type=\"widget\" data-e-type=\"widget\" data-widget_type=\"image.default\">\n\t\t\t\t<div class=\"elementor-widget-container\">\n\t\t\t\t\t\t\t\t\t\t\t\t\t\t\t<img fetchpriority=\"high\" decoding=\"async\" width=\"800\" height=\"1000\" src=\"https:\/\/konkretiarahoitus.fi\/wp-content\/uploads\/2026\/01\/Nettisivut-yhteistyokumppanit-819x1024.png\" class=\"attachment-large size-large wp-image-3494\" alt=\"\" srcset=\"https:\/\/konkretiarahoitus.fi\/wp-content\/uploads\/2026\/01\/Nettisivut-yhteistyokumppanit-819x1024.png 819w, https:\/\/konkretiarahoitus.fi\/wp-content\/uploads\/2026\/01\/Nettisivut-yhteistyokumppanit-240x300.png 240w, https:\/\/konkretiarahoitus.fi\/wp-content\/uploads\/2026\/01\/Nettisivut-yhteistyokumppanit-768x960.png 768w, https:\/\/konkretiarahoitus.fi\/wp-content\/uploads\/2026\/01\/Nettisivut-yhteistyokumppanit-10x12.png 10w, https:\/\/konkretiarahoitus.fi\/wp-content\/uploads\/2026\/01\/Nettisivut-yhteistyokumppanit.png 1080w\" sizes=\"(max-width: 800px) 100vw, 800px\" \/>\t\t\t\t\t\t\t\t\t\t\t\t\t\t\t<\/div>\n\t\t\t\t<\/div>\n\t\t\t\t<\/div>\n\t\t\t\t\t<\/div>\n\t\t\t\t<\/div>\n\t\t<div class=\"elementor-element elementor-element-03b90a2 e-flex e-con-boxed e-con e-parent\" data-id=\"03b90a2\" data-element_type=\"container\" data-e-type=\"container\">\n\t\t\t\t\t<div class=\"e-con-inner\">\n\t\t<div class=\"elementor-element elementor-element-38109fe8 e-con-full e-flex e-con e-child\" data-id=\"38109fe8\" data-element_type=\"container\" data-e-type=\"container\">\n\t\t\t\t<div class=\"elementor-element elementor-element-206963c elementor-widget elementor-widget-spacer\" data-id=\"206963c\" data-element_type=\"widget\" data-e-type=\"widget\" data-widget_type=\"spacer.default\">\n\t\t\t\t<div class=\"elementor-widget-container\">\n\t\t\t\t\t\t\t<div class=\"elementor-spacer\">\n\t\t\t<div class=\"elementor-spacer-inner\"><\/div>\n\t\t<\/div>\n\t\t\t\t\t\t<\/div>\n\t\t\t\t<\/div>\n\t\t\t\t<div class=\"elementor-element elementor-element-38a37663 elementor-widget elementor-widget-heading\" data-id=\"38a37663\" data-element_type=\"widget\" data-e-type=\"widget\" data-widget_type=\"heading.default\">\n\t\t\t\t<div class=\"elementor-widget-container\">\n\t\t\t\t\t<div class=\"elementor-heading-title elementor-size-default\">Konkretia Rahoitus<\/div>\t\t\t\t<\/div>\n\t\t\t\t<\/div>\n\t\t\t\t<div class=\"elementor-element elementor-element-3f007c0b elementor-widget elementor-widget-heading\" data-id=\"3f007c0b\" data-element_type=\"widget\" data-e-type=\"widget\" data-widget_type=\"heading.default\">\n\t\t\t\t<div class=\"elementor-widget-container\">\n\t\t\t\t\t<h2 class=\"elementor-heading-title elementor-size-default\">Contact us<\/h2>\t\t\t\t<\/div>\n\t\t\t\t<\/div>\n\t\t\t\t<\/div>\n\t\t\t\t\t<\/div>\n\t\t\t\t<\/div>\n\t\t<div class=\"elementor-element elementor-element-e81f26d e-flex e-con-boxed e-con e-parent\" data-id=\"e81f26d\" data-element_type=\"container\" data-e-type=\"container\">\n\t\t\t\t\t<div class=\"e-con-inner\">\n\t\t<div class=\"elementor-element elementor-element-2af93bb1 e-con-full e-flex e-con e-child\" data-id=\"2af93bb1\" data-element_type=\"container\" data-e-type=\"container\">\n\t\t<div class=\"elementor-element elementor-element-6d583be e-con-full e-flex e-con e-child\" data-id=\"6d583be\" data-element_type=\"container\" data-e-type=\"container\">\n\t\t<div class=\"elementor-element elementor-element-6b0f2eb6 e-con-full e-flex e-con e-child\" data-id=\"6b0f2eb6\" data-element_type=\"container\" data-e-type=\"container\">\n\t\t<div class=\"elementor-element elementor-element-58d61249 e-con-full e-flex e-con e-child\" data-id=\"58d61249\" data-element_type=\"container\" data-e-type=\"container\" data-settings=\"{&quot;background_background&quot;:&quot;classic&quot;}\">\n\t\t\t\t<div class=\"elementor-element elementor-element-7f5717bd elementor-widget elementor-widget-image\" data-id=\"7f5717bd\" data-element_type=\"widget\" data-e-type=\"widget\" data-widget_type=\"image.default\">\n\t\t\t\t<div class=\"elementor-widget-container\">\n\t\t\t\t\t\t\t\t\t\t\t\t\t\t\t<img decoding=\"async\" width=\"27\" height=\"38\" src=\"https:\/\/konkretiarahoitus.fi\/wp-content\/uploads\/2025\/06\/contact-1.png\" class=\"attachment-large size-large wp-image-368\" alt=\"\" \/>\t\t\t\t\t\t\t\t\t\t\t\t\t\t\t<\/div>\n\t\t\t\t<\/div>\n\t\t\t\t<\/div>\n\t\t\t\t<\/div>\n\t\t<div class=\"elementor-element elementor-element-4adfebe4 e-con-full e-flex e-con e-child\" data-id=\"4adfebe4\" data-element_type=\"container\" data-e-type=\"container\">\n\t\t\t\t<div class=\"elementor-element elementor-element-1453f440 elementor-widget elementor-widget-heading\" data-id=\"1453f440\" data-element_type=\"widget\" data-e-type=\"widget\" data-widget_type=\"heading.default\">\n\t\t\t\t<div class=\"elementor-widget-container\">\n\t\t\t\t\t<h3 class=\"elementor-heading-title elementor-size-default\">Location:<\/h3>\t\t\t\t<\/div>\n\t\t\t\t<\/div>\n\t\t\t\t<div class=\"elementor-element elementor-element-1db58c0a elementor-widget elementor-widget-heading\" data-id=\"1db58c0a\" data-element_type=\"widget\" data-e-type=\"widget\" data-widget_type=\"heading.default\">\n\t\t\t\t<div class=\"elementor-widget-container\">\n\t\t\t\t\t<p class=\"elementor-heading-title elementor-size-default\">Erottajankatu 15 (4 floor),\n00130 Helsinki<\/p>\t\t\t\t<\/div>\n\t\t\t\t<\/div>\n\t\t\t\t<\/div>\n\t\t\t\t<\/div>\n\t\t<div class=\"elementor-element elementor-element-6b2a4a09 e-con-full e-flex e-con e-child\" data-id=\"6b2a4a09\" data-element_type=\"container\" data-e-type=\"container\">\n\t\t<div class=\"elementor-element elementor-element-412c851f e-con-full e-flex e-con e-child\" data-id=\"412c851f\" data-element_type=\"container\" data-e-type=\"container\">\n\t\t<div class=\"elementor-element elementor-element-de357fe e-con-full e-flex e-con e-child\" data-id=\"de357fe\" data-element_type=\"container\" data-e-type=\"container\" data-settings=\"{&quot;background_background&quot;:&quot;classic&quot;}\">\n\t\t\t\t<div class=\"elementor-element elementor-element-8a66ba0 elementor-widget elementor-widget-image\" data-id=\"8a66ba0\" data-element_type=\"widget\" data-e-type=\"widget\" data-widget_type=\"image.default\">\n\t\t\t\t<div class=\"elementor-widget-container\">\n\t\t\t\t\t\t\t\t\t\t\t\t\t\t\t<img decoding=\"async\" width=\"34\" height=\"34\" src=\"https:\/\/konkretiarahoitus.fi\/wp-content\/uploads\/2025\/06\/contact-2.png\" class=\"attachment-large size-large wp-image-369\" alt=\"\" \/>\t\t\t\t\t\t\t\t\t\t\t\t\t\t\t<\/div>\n\t\t\t\t<\/div>\n\t\t\t\t<\/div>\n\t\t\t\t<\/div>\n\t\t<div class=\"elementor-element elementor-element-2d629097 e-con-full e-flex e-con e-child\" data-id=\"2d629097\" data-element_type=\"container\" data-e-type=\"container\">\n\t\t\t\t<div class=\"elementor-element elementor-element-150a96a2 elementor-widget elementor-widget-heading\" data-id=\"150a96a2\" data-element_type=\"widget\" data-e-type=\"widget\" data-widget_type=\"heading.default\">\n\t\t\t\t<div class=\"elementor-widget-container\">\n\t\t\t\t\t<h3 class=\"elementor-heading-title elementor-size-default\">Phone number:<\/h3>\t\t\t\t<\/div>\n\t\t\t\t<\/div>\n\t\t\t\t<div class=\"elementor-element elementor-element-2776b8f elementor-widget elementor-widget-heading\" data-id=\"2776b8f\" data-element_type=\"widget\" data-e-type=\"widget\" data-widget_type=\"heading.default\">\n\t\t\t\t<div class=\"elementor-widget-container\">\n\t\t\t\t\t<p class=\"elementor-heading-title elementor-size-default\">+358 45 312 1511<\/p>\t\t\t\t<\/div>\n\t\t\t\t<\/div>\n\t\t\t\t<\/div>\n\t\t\t\t<\/div>\n\t\t<div class=\"elementor-element elementor-element-30a3b09e e-con-full e-flex e-con e-child\" data-id=\"30a3b09e\" data-element_type=\"container\" data-e-type=\"container\">\n\t\t<div class=\"elementor-element elementor-element-482bd4aa e-con-full e-flex e-con e-child\" data-id=\"482bd4aa\" data-element_type=\"container\" data-e-type=\"container\">\n\t\t<div class=\"elementor-element elementor-element-73e0a5ca e-con-full e-flex e-con e-child\" data-id=\"73e0a5ca\" data-element_type=\"container\" data-e-type=\"container\" data-settings=\"{&quot;background_background&quot;:&quot;classic&quot;}\">\n\t\t\t\t<div class=\"elementor-element elementor-element-3cd02828 elementor-widget elementor-widget-image\" data-id=\"3cd02828\" data-element_type=\"widget\" data-e-type=\"widget\" data-widget_type=\"image.default\">\n\t\t\t\t<div class=\"elementor-widget-container\">\n\t\t\t\t\t\t\t\t\t\t\t\t\t\t\t<img loading=\"lazy\" decoding=\"async\" width=\"36\" height=\"27\" src=\"https:\/\/konkretiarahoitus.fi\/wp-content\/uploads\/2025\/06\/contact-3.png\" class=\"attachment-large size-large wp-image-370\" alt=\"\" \/>\t\t\t\t\t\t\t\t\t\t\t\t\t\t\t<\/div>\n\t\t\t\t<\/div>\n\t\t\t\t<\/div>\n\t\t\t\t<\/div>\n\t\t<div class=\"elementor-element elementor-element-18a166df e-con-full e-flex e-con e-child\" data-id=\"18a166df\" data-element_type=\"container\" data-e-type=\"container\">\n\t\t\t\t<div class=\"elementor-element elementor-element-5ac96b7d elementor-widget elementor-widget-heading\" data-id=\"5ac96b7d\" data-element_type=\"widget\" data-e-type=\"widget\" data-widget_type=\"heading.default\">\n\t\t\t\t<div class=\"elementor-widget-container\">\n\t\t\t\t\t<h3 class=\"elementor-heading-title elementor-size-default\">Email:<\/h3>\t\t\t\t<\/div>\n\t\t\t\t<\/div>\n\t\t\t\t<div class=\"elementor-element elementor-element-2944205 elementor-widget elementor-widget-heading\" data-id=\"2944205\" data-element_type=\"widget\" data-e-type=\"widget\" data-widget_type=\"heading.default\">\n\t\t\t\t<div class=\"elementor-widget-container\">\n\t\t\t\t\t<p class=\"elementor-heading-title elementor-size-default\">info@konkretiarahoitus.fi\u200b<\/p>\t\t\t\t<\/div>\n\t\t\t\t<\/div>\n\t\t\t\t<\/div>\n\t\t\t\t<\/div>\n\t\t\t\t<\/div>\n\t\t\t\t\t<\/div>\n\t\t\t\t<\/div>\n\t\t<div class=\"elementor-element elementor-element-62300cf3 e-flex e-con-boxed e-con e-parent\" data-id=\"62300cf3\" data-element_type=\"container\" data-e-type=\"container\">\n\t\t\t\t\t<div class=\"e-con-inner\">\n\t\t\t\t<div class=\"elementor-element elementor-element-219ca531 elementor-widget elementor-widget-google_maps\" data-id=\"219ca531\" data-element_type=\"widget\" data-e-type=\"widget\" data-widget_type=\"google_maps.default\">\n\t\t\t\t<div class=\"elementor-widget-container\">\n\t\t\t\t\t\t\t<div class=\"elementor-custom-embed\">\n\t\t\t<iframe loading=\"lazy\"\n\t\t\t\t\tsrc=\"https:\/\/maps.google.com\/maps?q=Erottajankatu%2015%20%284%20krs.%29%2C%2000130%20Helsinki&#038;t=m&#038;z=14&#038;output=embed&#038;iwloc=near\"\n\t\t\t\t\ttitle=\"Erottajankatu 15 (4th floor), 00130 Helsinki, Finland\"\n\t\t\t\t\taria-label=\"Erottajankatu 15 (4th floor), 00130 Helsinki, Finland\"\n\t\t\t><\/iframe>\n\t\t<\/div>\n\t\t\t\t\t\t<\/div>\n\t\t\t\t<\/div>\n\t\t\t\t\t<\/div>\n\t\t\t\t<\/div>\n\t\t\t\t<\/div>","protected":false},"excerpt":{"rendered":"<p>Whether you're an existing customer or a prospective one, we're happy to answer any questions and enquiries, so feel free to drop us a line!<\/p>","protected":false},"author":8,"featured_media":2864,"parent":0,"menu_order":7,"comment_status":"closed","ping_status":"closed","template":"","meta":{"footnotes":""},"class_list":["post-3493","page","type-page","status-publish","has-post-thumbnail","hentry"],"_links":{"self":[{"href":"https:\/\/konkretiarahoitus.fi\/en\/wp-json\/wp\/v2\/pages\/3493","targetHints":{"allow":["GET"]}}],"collection":[{"href":"https:\/\/konkretiarahoitus.fi\/en\/wp-json\/wp\/v2\/pages"}],"about":[{"href":"https:\/\/konkretiarahoitus.fi\/en\/wp-json\/wp\/v2\/types\/page"}],"author":[{"embeddable":true,"href":"https:\/\/konkretiarahoitus.fi\/en\/wp-json\/wp\/v2\/users\/8"}],"replies":[{"embeddable":true,"href":"https:\/\/konkretiarahoitus.fi\/en\/wp-json\/wp\/v2\/comments?post=3493"}],"version-history":[{"count":9,"href":"https:\/\/konkretiarahoitus.fi\/en\/wp-json\/wp\/v2\/pages\/3493\/revisions"}],"predecessor-version":[{"id":3594,"href":"https:\/\/konkretiarahoitus.fi\/en\/wp-json\/wp\/v2\/pages\/3493\/revisions\/3594"}],"wp:featuredmedia":[{"embeddable":true,"href":"https:\/\/konkretiarahoitus.fi\/en\/wp-json\/wp\/v2\/media\/2864"}],"wp:attachment":[{"href":"https:\/\/konkretiarahoitus.fi\/en\/wp-json\/wp\/v2\/media?parent=3493"}],"curies":[{"name":"wp","href":"https:\/\/api.w.org\/{rel}","templated":true}]}}