{"id":124,"date":"2025-06-12T18:16:12","date_gmt":"2025-06-12T18:16:12","guid":{"rendered":"https:\/\/konkretiakirjanpitofi-wp32468.test.cchosting.fi\/?page_id=124"},"modified":"2025-11-26T18:15:36","modified_gmt":"2025-11-26T16:15:36","slug":"tietosuojaseloste","status":"publish","type":"page","link":"https:\/\/konkretiarahoitus.fi\/sv\/tietosuojaseloste","title":{"rendered":"Tietosuojaseloste"},"content":{"rendered":"<div data-elementor-type=\"wp-page\" data-elementor-id=\"124\" class=\"elementor elementor-124\" data-elementor-post-type=\"page\">\n\t\t\t\t<div class=\"elementor-element elementor-element-7b471ad8 e-flex e-con-boxed e-con e-parent\" data-id=\"7b471ad8\" data-element_type=\"container\" data-e-type=\"container\" data-settings=\"{&quot;background_background&quot;:&quot;gradient&quot;}\">\n\t\t\t\t\t<div class=\"e-con-inner\">\n\t\t<div class=\"elementor-element elementor-element-33f3692d e-con-full e-flex e-con e-child\" data-id=\"33f3692d\" data-element_type=\"container\" data-e-type=\"container\">\n\t\t\t\t<div class=\"elementor-element elementor-element-23338623 elementor-widget elementor-widget-heading\" data-id=\"23338623\" data-element_type=\"widget\" data-e-type=\"widget\" data-widget_type=\"heading.default\">\n\t\t\t\t<div class=\"elementor-widget-container\">\n\t\t\t\t\t<h2 class=\"elementor-heading-title elementor-size-default\">Tietosuojaseloste<\/h2>\t\t\t\t<\/div>\n\t\t\t\t<\/div>\n\t\t\t\t<\/div>\n\t\t\t\t\t<\/div>\n\t\t\t\t<\/div>\n\t\t<div class=\"elementor-element elementor-element-17221b90 e-con-full e-flex e-con e-parent\" data-id=\"17221b90\" data-element_type=\"container\" data-e-type=\"container\" data-settings=\"{&quot;background_background&quot;:&quot;classic&quot;}\">\n\t\t<div class=\"elementor-element elementor-element-8d21454 e-flex e-con-boxed e-con e-child\" data-id=\"8d21454\" data-element_type=\"container\" data-e-type=\"container\">\n\t\t\t\t\t<div class=\"e-con-inner\">\n\t\t\t\t<div class=\"elementor-element elementor-element-53e539ad elementor-widget elementor-widget-text-editor\" data-id=\"53e539ad\" data-element_type=\"widget\" data-e-type=\"widget\" data-widget_type=\"text-editor.default\">\n\t\t\t\t<div class=\"elementor-widget-container\">\n\t\t\t\t\t\t\t\t\t<div class=\"elementor elementor-2581\" data-elementor-type=\"wp-page\" data-elementor-id=\"2581\" data-elementor-post-type=\"page\"><div class=\"elementor-element elementor-element-1feb0dd e-flex e-con-boxed e-con e-parent\" data-id=\"1feb0dd\" data-element_type=\"container\"><div class=\"e-con-inner\"><div class=\"elementor-element elementor-element-d0f64c4 e-con-full e-flex e-con e-child\" data-id=\"d0f64c4\" data-element_type=\"container\"><h1 data-start=\"109\" data-end=\"130\">Tietosuojaseloste<\/h1><h3 data-start=\"132\" data-end=\"154\">Rekisterinpit\u00e4j\u00e4<\/h3><p data-start=\"156\" data-end=\"269\"><strong data-start=\"156\" data-end=\"167\">Yritys:<\/strong> Konkretia Rahoitus<br data-start=\"188\" data-end=\"191\" \/><strong data-start=\"191\" data-end=\"204\">Y-tunnus:<\/strong>\u00a03226782-6<br data-start=\"227\" data-end=\"230\" \/><strong data-start=\"230\" data-end=\"246\">Postiosoite:<\/strong> <span class=\"MuiTypography-root MuiTypography-body2 css-zhdbft\">Erottajankatu 15-17 lh. 412, 00130 Helsinki<\/span><\/p><hr data-start=\"271\" data-end=\"274\" \/><h3 data-start=\"276\" data-end=\"295\">Yhteyshenkil\u00f6<\/h3><ul><li data-start=\"297\" data-end=\"338\">Sami Aaltonen<\/li><li data-start=\"297\" data-end=\"338\">info@konkretiarahoitus.com<\/li><li data-start=\"297\" data-end=\"338\">+358 45 312 1511<\/li><\/ul><p data-start=\"340\" data-end=\"377\"><strong data-start=\"340\" data-end=\"364\">Concretia Redovisning<\/strong><br data-start=\"364\" data-end=\"367\" \/><span class=\"MuiTypography-root MuiTypography-body2 css-zhdbft\">Erottajankatu 15-17 lh. 412, 00130 Helsinki<\/span><\/p><hr data-start=\"379\" data-end=\"382\" \/><h3 data-start=\"384\" data-end=\"449\">Mit\u00e4 tietoja ker\u00e4\u00e4mme ja miten k\u00e4yt\u00e4mme ker\u00e4\u00e4mi\u00e4mme tietoja<\/h3><p data-start=\"451\" data-end=\"797\">Ker\u00e4\u00e4mme k\u00e4ytt\u00e4j\u00e4n lomakkeen kautta antamia henkil\u00f6tietoja (kuten nimi ja s\u00e4hk\u00f6postiosoite), sek\u00e4 asiakassuhteen syntyess\u00e4 muita tietoja sen yll\u00e4pit\u00e4misen ja palvelun tuottamisen edellytyksen\u00e4.<br data-start=\"644\" data-end=\"647\" \/>Ker\u00e4\u00e4mme my\u00f6s verkkosivuanalytiikkaa, kuten selausta ja k\u00e4ytt\u00f6\u00e4 koskevia tietoja, parantaaksemme k\u00e4ytt\u00f6kokemusta ja kehitt\u00e4\u00e4ksemme omaa palveluamme.<\/p><hr data-start=\"799\" data-end=\"802\" \/><h3 data-start=\"804\" data-end=\"838\">Kolmannen osapuolen palvelut<\/h3><p data-start=\"840\" data-end=\"1140\">K\u00e4ytt\u00e4m\u00e4mme kolmannen osapuolen palvelut on valittu huolella varmistaaksemme, ett\u00e4 ne ovat EU:n tietosuojak\u00e4yt\u00e4nn\u00f6n mukaisia, my\u00f6s k\u00e4sitelt\u00e4ess\u00e4 henkil\u00f6tietoja EU:n ja ETA:n ulkopuolella. Tarvittaessa voit rajoittaa ev\u00e4steiden k\u00e4ytt\u00f6\u00e4 napsauttamalla sivun alalaidan \u201cMuokkaa ev\u00e4steit\u00e4\u201d -painiketta.<\/p><hr data-start=\"1329\" data-end=\"1332\" \/><h3 data-start=\"1334\" data-end=\"1356\">Google Analytics<\/h3><p data-start=\"1358\" data-end=\"1650\">Google Analytics ker\u00e4\u00e4 tietoja sivustomme k\u00e4vij\u00e4m\u00e4\u00e4rist\u00e4, liikenteenl\u00e4hteist\u00e4, sivustomme k\u00e4yt\u00f6st\u00e4 ja mittaa asettamiemme tulostavoitteidemme toteutumista. Google saattaa k\u00e4ytt\u00e4\u00e4 tietoja my\u00f6s kohdennettuun mainontaan. Google Analyticsin tallentamat ev\u00e4steet tunnistavat k\u00e4vij\u00e4n anonyymisti.<\/p><p data-start=\"1652\" data-end=\"1685\">Lue lis\u00e4\u00e4 Google Analytiikasta.<\/p><hr data-start=\"1687\" data-end=\"1690\" \/><h3 data-start=\"1692\" data-end=\"1738\">Henkil\u00f6tietojen s\u00e4ilytt\u00e4minen ja suojaus<\/h3><p data-start=\"1740\" data-end=\"1888\">S\u00e4ilyt\u00e4mme henkil\u00f6tietoja asiakassuhteen ajan. Rekister\u00f6ity voi pyyt\u00e4\u00e4 tietojensa oikaisemista tai poistamista tietosuojalains\u00e4\u00e4d\u00e4nn\u00f6n mukaisesti.<\/p><hr data-start=\"1890\" data-end=\"1893\" \/><h3 data-start=\"1895\" data-end=\"1910\">Oikeutesi<\/h3><p data-start=\"1912\" data-end=\"2052\">Rekister\u00f6ityneen\u00e4 sinulla on oikeus tarkistaa henkil\u00f6tietosi, korjata henkil\u00f6tietojasi sek\u00e4 peruuttaa suostumuksesi tietojesi k\u00e4sittelyyn.<\/p><hr data-start=\"2054\" data-end=\"2057\" \/><h3 data-start=\"2059\" data-end=\"2084\">Oikeuksien toteutus<\/h3><p data-start=\"2086\" data-end=\"2123\">info@konkretiarahoitus.fi<br data-start=\"2104\" data-end=\"2107\" \/><span class=\"MuiTypography-root MuiTypography-body2 css-zhdbft\">Erottajankatu 15-17 lh. 412, 00130 Helsinki<\/span><\/p><hr data-start=\"2125\" data-end=\"2128\" \/><h3 data-start=\"2130\" data-end=\"2146\">Valitukset<\/h3><p data-start=\"2148\" data-end=\"2355\">Jos koet, ett\u00e4 k\u00e4sittelemme henkil\u00f6tietojasi tietosuojaselosteemme tai sovellettavien tietosuojalakien vastaisesti, sinulla on oikeus tehd\u00e4 valitus tietosuojavaltuutetulle<a href=\"https:\/\/tietosuoja.fi\/ilmoitus-tietosuojavaltuutetulle\" rel=\"nofollow noopener\" target=\"_blank\">: Ilmoita tietosuojavaltuutetulle.<\/a><\/p><\/div><\/div><\/div><\/div>\t\t\t\t\t\t\t\t<\/div>\n\t\t\t\t<\/div>\n\t\t\t\t<div class=\"elementor-element elementor-element-6f6978d9 elementor-widget-divider--view-line elementor-widget elementor-widget-divider\" data-id=\"6f6978d9\" data-element_type=\"widget\" data-e-type=\"widget\" data-widget_type=\"divider.default\">\n\t\t\t\t<div class=\"elementor-widget-container\">\n\t\t\t\t\t\t\t<div class=\"elementor-divider\">\n\t\t\t<span class=\"elementor-divider-separator\">\n\t\t\t\t\t\t<\/span>\n\t\t<\/div>\n\t\t\t\t\t\t<\/div>\n\t\t\t\t<\/div>\n\t\t\t\t<div class=\"elementor-element elementor-element-55bb8464 elementor-widget-divider--view-line elementor-widget elementor-widget-divider\" data-id=\"55bb8464\" data-element_type=\"widget\" data-e-type=\"widget\" data-widget_type=\"divider.default\">\n\t\t\t\t<div class=\"elementor-widget-container\">\n\t\t\t\t\t\t\t<div class=\"elementor-divider\">\n\t\t\t<span class=\"elementor-divider-separator\">\n\t\t\t\t\t\t<\/span>\n\t\t<\/div>\n\t\t\t\t\t\t<\/div>\n\t\t\t\t<\/div>\n\t\t\t\t\t<\/div>\n\t\t\t\t<\/div>\n\t\t\t\t<\/div>\n\t\t\t\t<\/div>","protected":false},"excerpt":{"rendered":"<p>Tutustu Konkretia Kirjanpidon tietosuojaselosteeseen. Kerromme, mit\u00e4 henkil\u00f6tietoja ker\u00e4\u00e4mme, miten niit\u00e4 k\u00e4yt\u00e4mme ja miten suojaamme ne.<\/p>","protected":false},"author":2,"featured_media":2864,"parent":0,"menu_order":11,"comment_status":"closed","ping_status":"closed","template":"","meta":{"footnotes":""},"class_list":["post-124","page","type-page","status-publish","has-post-thumbnail","hentry"],"_links":{"self":[{"href":"https:\/\/konkretiarahoitus.fi\/sv\/wp-json\/wp\/v2\/pages\/124","targetHints":{"allow":["GET"]}}],"collection":[{"href":"https:\/\/konkretiarahoitus.fi\/sv\/wp-json\/wp\/v2\/pages"}],"about":[{"href":"https:\/\/konkretiarahoitus.fi\/sv\/wp-json\/wp\/v2\/types\/page"}],"author":[{"embeddable":true,"href":"https:\/\/konkretiarahoitus.fi\/sv\/wp-json\/wp\/v2\/users\/2"}],"replies":[{"embeddable":true,"href":"https:\/\/konkretiarahoitus.fi\/sv\/wp-json\/wp\/v2\/comments?post=124"}],"version-history":[{"count":29,"href":"https:\/\/konkretiarahoitus.fi\/sv\/wp-json\/wp\/v2\/pages\/124\/revisions"}],"predecessor-version":[{"id":2951,"href":"https:\/\/konkretiarahoitus.fi\/sv\/wp-json\/wp\/v2\/pages\/124\/revisions\/2951"}],"wp:featuredmedia":[{"embeddable":true,"href":"https:\/\/konkretiarahoitus.fi\/sv\/wp-json\/wp\/v2\/media\/2864"}],"wp:attachment":[{"href":"https:\/\/konkretiarahoitus.fi\/sv\/wp-json\/wp\/v2\/media?parent=124"}],"curies":[{"name":"wp","href":"https:\/\/api.w.org\/{rel}","templated":true}]}}