{"id":3505,"date":"2026-01-27T10:01:56","date_gmt":"2026-01-27T08:01:56","guid":{"rendered":"https:\/\/konkretiarahoitus.fi\/?page_id=3505"},"modified":"2026-04-16T14:09:18","modified_gmt":"2026-04-16T11:09:18","slug":"avoimet-tyopaikat","status":"publish","type":"page","link":"https:\/\/konkretiarahoitus.fi\/sv\/avoimet-tyopaikat","title":{"rendered":"Avoimet ty\u00f6paikat"},"content":{"rendered":"<div data-elementor-type=\"wp-page\" data-elementor-id=\"3505\" class=\"elementor elementor-3505\" data-elementor-post-type=\"page\">\n\t\t\t\t<div class=\"elementor-element elementor-element-5a49749a e-flex e-con-boxed e-con e-parent\" data-id=\"5a49749a\" data-element_type=\"container\" data-e-type=\"container\" data-settings=\"{&quot;background_background&quot;:&quot;video&quot;}\">\n\t\t\t\t\t<div class=\"e-con-inner\">\n\t\t<div class=\"elementor-element elementor-element-3e3e00eb e-con-full e-flex e-con e-child\" data-id=\"3e3e00eb\" data-element_type=\"container\" data-e-type=\"container\">\n\t\t\t\t<div class=\"elementor-element elementor-element-73681097 elementor-widget elementor-widget-heading\" data-id=\"73681097\" data-element_type=\"widget\" data-e-type=\"widget\" data-widget_type=\"heading.default\">\n\t\t\t\t<div class=\"elementor-widget-container\">\n\t\t\t\t\t<h1 class=\"elementor-heading-title elementor-size-default\">Avoimet ty\u00f6paikat<\/h1>\t\t\t\t<\/div>\n\t\t\t\t<\/div>\n\t\t\t\t<div class=\"elementor-element elementor-element-765a9d56 elementor-widget__width-initial elementor-widget elementor-widget-text-editor\" data-id=\"765a9d56\" data-element_type=\"widget\" data-e-type=\"widget\" data-widget_type=\"text-editor.default\">\n\t\t\t\t<div class=\"elementor-widget-container\">\n\t\t\t\t\t\t\t\t\t<p>Kasvamme jatkuvasti ja etsimme uusia osaajia tiimiimme, tutustu avoimiin ty\u00f6paikkoihimme.<\/p>\t\t\t\t\t\t\t\t<\/div>\n\t\t\t\t<\/div>\n\t\t\t\t<div class=\"elementor-element elementor-element-18cdd013 elementor-icon-list--layout-inline elementor-align-center elementor-list-item-link-full_width elementor-widget elementor-widget-icon-list\" data-id=\"18cdd013\" data-element_type=\"widget\" data-e-type=\"widget\" data-widget_type=\"icon-list.default\">\n\t\t\t\t<div class=\"elementor-widget-container\">\n\t\t\t\t\t\t\t<ul class=\"elementor-icon-list-items elementor-inline-items\">\n\t\t\t\t\t\t\t<li class=\"elementor-icon-list-item elementor-inline-item\">\n\t\t\t\t\t\t\t\t\t\t\t<a href=\"https:\/\/konkretiarahoitus.fi\/sv\/\">\n\n\t\t\t\t\t\t\t\t\t\t\t<span class=\"elementor-icon-list-text\">Startsida<\/span>\n\t\t\t\t\t\t\t\t\t\t\t<\/a>\n\t\t\t\t\t\t\t\t\t<\/li>\n\t\t\t\t\t\t\t\t<li class=\"elementor-icon-list-item elementor-inline-item\">\n\t\t\t\t\t\t\t\t\t\t\t<a href=\"https:\/\/konkretiarahoitus.fi\/sv\/kontakt\/\">\n\n\t\t\t\t\t\t\t\t\t\t\t\t<span class=\"elementor-icon-list-icon\">\n\t\t\t\t\t\t\t<i aria-hidden=\"true\" class=\"jki jki-slash-solid\"><\/i>\t\t\t\t\t\t<\/span>\n\t\t\t\t\t\t\t\t\t\t<span class=\"elementor-icon-list-text\">Avoimet ty\u00f6paikat<\/span>\n\t\t\t\t\t\t\t\t\t\t\t<\/a>\n\t\t\t\t\t\t\t\t\t<\/li>\n\t\t\t\t\t\t<\/ul>\n\t\t\t\t\t\t<\/div>\n\t\t\t\t<\/div>\n\t\t\t\t<\/div>\n\t\t\t\t\t<\/div>\n\t\t\t\t<\/div>\n\t\t<div class=\"elementor-element elementor-element-9157bae e-flex e-con-boxed e-con e-parent\" data-id=\"9157bae\" data-element_type=\"container\" data-e-type=\"container\" data-settings=\"{&quot;background_background&quot;:&quot;gradient&quot;}\">\n\t\t\t\t\t<div class=\"e-con-inner\">\n\t\t\t\t<div class=\"elementor-element elementor-element-996db2c elementor-widget elementor-widget-elementskit-accordion\" data-id=\"996db2c\" data-element_type=\"widget\" data-e-type=\"widget\" data-widget_type=\"elementskit-accordion.default\">\n\t\t\t\t<div class=\"elementor-widget-container\">\n\t\t\t\t\t<div class=\"ekit-wid-con\" >\n        <div class=\"elementskit-accordion accoedion-primary\" id=\"accordion-6a0716c5506f2\">\n\n            \n                <div class=\"elementskit-card active\">\n                    <div class=\"elementskit-card-header\" id=\"primaryHeading-0-996db2c\">\n                        <a href=\"#collapse-9bc9d296a0716c5506f2\" class=\"ekit-accordion--toggler elementskit-btn-link collapsed\" data-ekit-toggle=\"collapse\" data-target=\"#Collapse-9bc9d296a0716c5506f2\" aria-expanded=\"true\" aria-controls=\"Collapse-9bc9d296a0716c5506f2\">\n                            \n                            <span class=\"ekit-accordion-title\">Liity tiimiimme, j\u00e4t\u00e4 avoin hakemus!<\/span>\n\n                            \n                                <div class=\"ekit_accordion_icon_group\">\n                                    <div class=\"ekit_accordion_normal_icon\">\n                                        <!-- Normal Icon -->\n\t\t\t\t\t\t\t\t\t\t<i class=\"icon icon-down-arrow1\"><\/i>                                    <\/div>\n\n                                    <div class=\"ekit_accordion_active_icon\">\n                                        <!-- Active Icon -->\n\t\t\t\t\t\t\t\t\t\t<i class=\"icon icon-up-arrow\"><\/i>                                    <\/div>\n                                <\/div>\n\n                            \n                                                    <\/a>\n                    <\/div>\n\n                    <div id=\"Collapse-9bc9d296a0716c5506f2\" class=\"show collapse\" aria-labelledby=\"primaryHeading-0-996db2c\" data-parent=\"#accordion-6a0716c5506f2\">\n\n                        <div class=\"elementskit-card-body ekit-accordion--content\">\n                            <p>Konkretia Rahoitus auttaa yrityksi\u00e4 l\u00f6yt\u00e4m\u00e4\u00e4n selkeit\u00e4, joustavia ja yritt\u00e4j\u00e4l\u00e4ht\u00f6isi\u00e4 rahoitusratkaisuja.<br \/>Meill\u00e4 t\u00e4rkeint\u00e4 on asiakaskeskeisyys, nopea palvelu ja ratkaisuja, jotka tekev\u00e4t yrityksen arjesta sujuvampaa.<\/p><p>Kasvava tiimimme etsii jatkuvasti osaajia, jotka jakavat saman arvomaailman ja haluavat olla mukana kehitt\u00e4m\u00e4ss\u00e4 rahoituspalveluita, jotka todella auttavat asiakkaitamme menestym\u00e4\u00e4n.<\/p><p>Vaikka emme aina ilmoittaisi avoimista ty\u00f6paikoista, voit j\u00e4tt\u00e4\u00e4 meille avoimen hakemuksen. Kerro hakemuksessasi:<\/p><ul><li>Kuka olet ja millaista osaamista tuot mukanasi?<\/li><li><p>Miksi haluaisit ty\u00f6skennell\u00e4 Konkretia Rahoituksella?<\/p><\/li><li><p>Miksi juuri meid\u00e4n yrityksemme arvot ja toimintatapa kiinnostavat sinua?<\/p><\/li><\/ul><p>\u00a0<\/p><p>Skicka <strong>CV<\/strong>, <strong>saatekirje<\/strong> ja <strong>palkkatoive<\/strong> osoitteeseen <strong><a class=\"decorated-link cursor-pointer\" rel=\"noopener\">info@konkretiarahoitus.fi<\/a><\/strong>.<\/p>                        <\/div>\n\n                    <\/div>\n\n                <\/div><!-- .elementskit-card END -->\n\n                                        <\/div>\n    <\/div>\t\t\t\t<\/div>\n\t\t\t\t<\/div>\n\t\t\t\t\t<\/div>\n\t\t\t\t<\/div>\n\t\t\t\t<\/div>","protected":false},"excerpt":{"rendered":"<p>Oavsett om du \u00e4r en befintlig kund eller en blivande kund svarar vi g\u00e4rna p\u00e5 alla fr\u00e5gor och funderingar, s\u00e5 h\u00f6r g\u00e4rna av dig till oss!<\/p>","protected":false},"author":8,"featured_media":2864,"parent":0,"menu_order":7,"comment_status":"closed","ping_status":"closed","template":"","meta":{"footnotes":""},"class_list":["post-3505","page","type-page","status-publish","has-post-thumbnail","hentry"],"_links":{"self":[{"href":"https:\/\/konkretiarahoitus.fi\/sv\/wp-json\/wp\/v2\/pages\/3505","targetHints":{"allow":["GET"]}}],"collection":[{"href":"https:\/\/konkretiarahoitus.fi\/sv\/wp-json\/wp\/v2\/pages"}],"about":[{"href":"https:\/\/konkretiarahoitus.fi\/sv\/wp-json\/wp\/v2\/types\/page"}],"author":[{"embeddable":true,"href":"https:\/\/konkretiarahoitus.fi\/sv\/wp-json\/wp\/v2\/users\/8"}],"replies":[{"embeddable":true,"href":"https:\/\/konkretiarahoitus.fi\/sv\/wp-json\/wp\/v2\/comments?post=3505"}],"version-history":[{"count":54,"href":"https:\/\/konkretiarahoitus.fi\/sv\/wp-json\/wp\/v2\/pages\/3505\/revisions"}],"predecessor-version":[{"id":3938,"href":"https:\/\/konkretiarahoitus.fi\/sv\/wp-json\/wp\/v2\/pages\/3505\/revisions\/3938"}],"wp:featuredmedia":[{"embeddable":true,"href":"https:\/\/konkretiarahoitus.fi\/sv\/wp-json\/wp\/v2\/media\/2864"}],"wp:attachment":[{"href":"https:\/\/konkretiarahoitus.fi\/sv\/wp-json\/wp\/v2\/media?parent=3505"}],"curies":[{"name":"wp","href":"https:\/\/api.w.org\/{rel}","templated":true}]}}